{"id":71,"date":"2023-12-19T19:47:28","date_gmt":"2023-12-19T19:47:28","guid":{"rendered":"https:\/\/demo.artureanec.com\/themes\/neuros\/?page_id=71"},"modified":"2025-07-24T12:56:14","modified_gmt":"2025-07-24T12:56:14","slug":"contato","status":"publish","type":"page","link":"https:\/\/prospectahost.com.br\/novosite\/contato\/","title":{"rendered":"Contato"},"content":{"rendered":"\t\t<div data-elementor-type=\"wp-page\" data-elementor-id=\"71\" class=\"elementor elementor-71\">\n\t\t\t\t\t\t<section class=\"elementor-section elementor-top-section elementor-element elementor-element-40c8888 elementor-section-boxed elementor-section-height-default elementor-section-height-default\" data-id=\"40c8888\" data-element_type=\"section\" data-settings=\"{&quot;background_background&quot;:&quot;video&quot;}\">\n\t\t\t\t\t\t<div class=\"elementor-container elementor-column-gap-wide\">\n\t\t\t\t\t<div class=\"elementor-column elementor-col-50 elementor-top-column elementor-element elementor-element-a605110\" data-id=\"a605110\" data-element_type=\"column\">\n\t\t\t<div class=\"elementor-widget-wrap elementor-element-populated\">\n\t\t\t\t\t\t<div class=\"elementor-element elementor-element-510cbba elementor-widget elementor-widget-neuros_heading\" data-id=\"510cbba\" data-element_type=\"widget\" data-widget_type=\"neuros_heading.default\">\n\t\t\t\t<div class=\"elementor-widget-container\">\n\t\t\t\t\t<div class=\"neuros-heading-widget\"><h2 class=\"neuros-heading\"><span class=\"neuros-subheading\">entre em contato<\/span><span class=\"neuros-heading-content has_gradient_color_text\">Fale com nosso time<\/span><\/h2><\/div>\t\t\t\t<\/div>\n\t\t\t\t<\/div>\n\t\t\t\t<section class=\"elementor-section elementor-inner-section elementor-element elementor-element-b92429e elementor-section-boxed elementor-section-height-default elementor-section-height-default\" data-id=\"b92429e\" data-element_type=\"section\">\n\t\t\t\t\t\t<div class=\"elementor-container elementor-column-gap-default\">\n\t\t\t\t\t<div class=\"elementor-column elementor-col-100 elementor-inner-column elementor-element elementor-element-6768e4c\" data-id=\"6768e4c\" data-element_type=\"column\">\n\t\t\t<div class=\"elementor-widget-wrap\">\n\t\t\t\t\t\t\t<\/div>\n\t\t<\/div>\n\t\t\t\t\t<\/div>\n\t\t<\/section>\n\t\t\t\t<section class=\"elementor-section elementor-inner-section elementor-element elementor-element-edf4297 elementor-section-boxed elementor-section-height-default elementor-section-height-default\" data-id=\"edf4297\" data-element_type=\"section\">\n\t\t\t\t\t\t<div class=\"elementor-container elementor-column-gap-default\">\n\t\t\t\t\t<div class=\"elementor-column elementor-col-50 elementor-inner-column elementor-element elementor-element-edc40ba\" data-id=\"edc40ba\" data-element_type=\"column\">\n\t\t\t<div class=\"elementor-widget-wrap elementor-element-populated\">\n\t\t\t\t\t\t<div class=\"elementor-element elementor-element-2b58309 elementor-widget elementor-widget-neuros_heading\" data-id=\"2b58309\" data-element_type=\"widget\" data-widget_type=\"neuros_heading.default\">\n\t\t\t\t<div class=\"elementor-widget-container\">\n\t\t\t\t\t<div class=\"neuros-heading-widget\"><h6 class=\"neuros-heading\"><span class=\"neuros-heading-content has_gradient_color_text\">Contato<\/span><\/h6><\/div>\t\t\t\t<\/div>\n\t\t\t\t<\/div>\n\t\t\t\t<div class=\"elementor-element elementor-element-1f4f9b4 elementor-widget elementor-widget-text-editor\" data-id=\"1f4f9b4\" data-element_type=\"widget\" data-widget_type=\"text-editor.default\">\n\t\t\t\t<div class=\"elementor-widget-container\">\n\t\t\t\t\t\t\t\t\tN\u00famero da Pri: <a href=\"https:\/\/wa.me\/5517997137700\">17 99713-7700<\/a>\nWhatsApp: <a href=\"https:\/\/wa.me\/551733010797\">17 3301-0797<\/a>\t\t\t\t\t\t\t\t<\/div>\n\t\t\t\t<\/div>\n\t\t\t\t<div class=\"elementor-element elementor-element-93805f6 elementor-widget elementor-widget-neuros_heading\" data-id=\"93805f6\" data-element_type=\"widget\" data-widget_type=\"neuros_heading.default\">\n\t\t\t\t<div class=\"elementor-widget-container\">\n\t\t\t\t\t<div class=\"neuros-heading-widget\"><h6 class=\"neuros-heading\"><span class=\"neuros-heading-content has_gradient_color_text\">Email<\/span><\/h6><\/div>\t\t\t\t<\/div>\n\t\t\t\t<\/div>\n\t\t\t\t<div class=\"elementor-element elementor-element-b657955 elementor-widget elementor-widget-text-editor\" data-id=\"b657955\" data-element_type=\"widget\" data-widget_type=\"text-editor.default\">\n\t\t\t\t<div class=\"elementor-widget-container\">\n\t\t\t\t\t\t\t\t\t<p><a href=\"mailto:contato@prospecta.digital\">contato@prospecta.digital<\/a><\/p>\t\t\t\t\t\t\t\t<\/div>\n\t\t\t\t<\/div>\n\t\t\t\t\t<\/div>\n\t\t<\/div>\n\t\t\t\t<div class=\"elementor-column elementor-col-50 elementor-inner-column elementor-element elementor-element-ea95dd8\" data-id=\"ea95dd8\" data-element_type=\"column\">\n\t\t\t<div class=\"elementor-widget-wrap elementor-element-populated\">\n\t\t\t\t\t\t<div class=\"elementor-element elementor-element-b92ee08 elementor-widget elementor-widget-neuros_heading\" data-id=\"b92ee08\" data-element_type=\"widget\" data-widget_type=\"neuros_heading.default\">\n\t\t\t\t<div class=\"elementor-widget-container\">\n\t\t\t\t\t<div class=\"neuros-heading-widget\"><h6 class=\"neuros-heading\"><span class=\"neuros-heading-content has_gradient_color_text\">Localiza\u00e7\u00e3o<\/span><\/h6><\/div>\t\t\t\t<\/div>\n\t\t\t\t<\/div>\n\t\t\t\t<div class=\"elementor-element elementor-element-651bac6 elementor-widget elementor-widget-text-editor\" data-id=\"651bac6\" data-element_type=\"widget\" data-widget_type=\"text-editor.default\">\n\t\t\t\t<div class=\"elementor-widget-container\">\n\t\t\t\t\t\t\t\t\t<p><a href=\"https:\/\/maps.app.goo.gl\/CJVB7YVQA4uvEF179\">Rua Oswaldo Meucci, 315, Quinta das Paineiras<br \/>S\u00e3o Jos\u00e9 do Rio Preto\/SP<\/a><\/p>\t\t\t\t\t\t\t\t<\/div>\n\t\t\t\t<\/div>\n\t\t\t\t<div class=\"elementor-element elementor-element-96de688 elementor-widget elementor-widget-neuros_heading\" data-id=\"96de688\" data-element_type=\"widget\" data-widget_type=\"neuros_heading.default\">\n\t\t\t\t<div class=\"elementor-widget-container\">\n\t\t\t\t\t<div class=\"neuros-heading-widget\"><h6 class=\"neuros-heading\"><span class=\"neuros-heading-content has_gradient_color_text\">Nossas\u00a0 redes<\/span><\/h6><\/div>\t\t\t\t<\/div>\n\t\t\t\t<\/div>\n\t\t\t\t<div class=\"elementor-element elementor-element-355f687 elementor-shape-square e-grid-align-left elementor-grid-0 elementor-widget elementor-widget-social-icons\" data-id=\"355f687\" data-element_type=\"widget\" data-widget_type=\"social-icons.default\">\n\t\t\t\t<div class=\"elementor-widget-container\">\n\t\t\t\t\t\t\t<div class=\"elementor-social-icons-wrapper elementor-grid\">\n\t\t\t\t\t\t\t<span class=\"elementor-grid-item\">\n\t\t\t\t\t<a class=\"elementor-icon elementor-social-icon elementor-social-icon-linkedin-in elementor-repeater-item-0770189\" href=\"https:\/\/www.linkedin.com\/company\/agenciaprospecta\/?originalSubdomain=br\" target=\"_blank\">\n\t\t\t\t\t\t<span class=\"elementor-screen-only\">Linkedin-in<\/span>\n\t\t\t\t\t\t<i class=\"fab fa-linkedin-in\"><\/i>\t\t\t\t\t<\/a>\n\t\t\t\t<\/span>\n\t\t\t\t\t\t\t<span class=\"elementor-grid-item\">\n\t\t\t\t\t<a class=\"elementor-icon elementor-social-icon elementor-social-icon-youtube elementor-repeater-item-39572b8\" href=\"https:\/\/www.youtube.com\/@ProspectaDigital\" target=\"_blank\">\n\t\t\t\t\t\t<span class=\"elementor-screen-only\">Youtube<\/span>\n\t\t\t\t\t\t<i class=\"fab fa-youtube\"><\/i>\t\t\t\t\t<\/a>\n\t\t\t\t<\/span>\n\t\t\t\t\t\t\t<span class=\"elementor-grid-item\">\n\t\t\t\t\t<a class=\"elementor-icon elementor-social-icon elementor-social-icon-instagram elementor-repeater-item-e9738af\" href=\"https:\/\/www.instagram.com\/prospectadigital\/\" target=\"_blank\">\n\t\t\t\t\t\t<span class=\"elementor-screen-only\">Instagram<\/span>\n\t\t\t\t\t\t<i class=\"fab fa-instagram\"><\/i>\t\t\t\t\t<\/a>\n\t\t\t\t<\/span>\n\t\t\t\t\t\t\t<span class=\"elementor-grid-item\">\n\t\t\t\t\t<a class=\"elementor-icon elementor-social-icon elementor-social-icon-spotify elementor-repeater-item-5090030\" href=\"https:\/\/open.spotify.com\/show\/3skFtUacS8E5KY7uGXurpx?si=0d86e486cec54f7f\" target=\"_blank\">\n\t\t\t\t\t\t<span class=\"elementor-screen-only\">Spotify<\/span>\n\t\t\t\t\t\t<i class=\"fab fa-spotify\"><\/i>\t\t\t\t\t<\/a>\n\t\t\t\t<\/span>\n\t\t\t\t\t<\/div>\n\t\t\t\t\t\t<\/div>\n\t\t\t\t<\/div>\n\t\t\t\t\t<\/div>\n\t\t<\/div>\n\t\t\t\t\t<\/div>\n\t\t<\/section>\n\t\t\t\t\t<\/div>\n\t\t<\/div>\n\t\t\t\t<div class=\"elementor-column elementor-col-50 elementor-top-column elementor-element elementor-element-00b203a\" data-id=\"00b203a\" data-element_type=\"column\" data-settings=\"{&quot;background_background&quot;:&quot;classic&quot;}\">\n\t\t\t<div class=\"elementor-widget-wrap elementor-element-populated\">\n\t\t\t\t\t\t<div class=\"elementor-element elementor-element-be5fa72 elementor-widget elementor-widget-text-editor\" data-id=\"be5fa72\" data-element_type=\"widget\" data-widget_type=\"text-editor.default\">\n\t\t\t\t<div class=\"elementor-widget-container\">\n\t\t\t\t\t\t\t\t\t<div id=\"ibg4rl\" class=\"font-nunito body-text\">Preencha o formul\u00e1rio abaixo e fa\u00e7a agora um or\u00e7amento personalizado da Prospecta. Aumente sua visibilidade, conquiste novos clientes e impulsione o crescimento do seu neg\u00f3cio.<\/div><form id=\"iebfhs\" class=\"cubo-form rows wrap\" method=\"POST\"><\/form>\t\t\t\t\t\t\t\t<\/div>\n\t\t\t\t<\/div>\n\t\t\t\t<div class=\"elementor-element elementor-element-87cb587 elementor-widget elementor-widget-shortcode\" data-id=\"87cb587\" data-element_type=\"widget\" data-widget_type=\"shortcode.default\">\n\t\t\t\t<div class=\"elementor-widget-container\">\n\t\t\t\t\t\t\t<div class=\"elementor-shortcode\">\n<div class=\"wpcf7 no-js\" id=\"wpcf7-f23667-o1\" lang=\"pt-BR\" dir=\"ltr\" data-wpcf7-id=\"23667\">\n<div class=\"screen-reader-response\"><p role=\"status\" aria-live=\"polite\" aria-atomic=\"true\"><\/p> <ul><\/ul><\/div>\n<form action=\"\/novosite\/wp-json\/wp\/v2\/pages\/71#wpcf7-f23667-o1\" method=\"post\" class=\"wpcf7-form init\" aria-label=\"Formul\u00e1rios de contato\" novalidate=\"novalidate\" data-status=\"init\">\n<div style=\"display: none;\">\n<input type=\"hidden\" name=\"_wpcf7\" value=\"23667\" \/>\n<input type=\"hidden\" name=\"_wpcf7_version\" value=\"6.0.6\" \/>\n<input type=\"hidden\" name=\"_wpcf7_locale\" value=\"pt_BR\" \/>\n<input type=\"hidden\" name=\"_wpcf7_unit_tag\" value=\"wpcf7-f23667-o1\" \/>\n<input type=\"hidden\" name=\"_wpcf7_container_post\" value=\"0\" \/>\n<input type=\"hidden\" name=\"_wpcf7_posted_data_hash\" value=\"\" \/>\n<\/div>\n<input class=\"wpcf7-form-control wpcf7-hidden utm_source\" value=\"\" type=\"hidden\" name=\"utm_source\" \/>\n<input class=\"wpcf7-form-control wpcf7-hidden utm_medium\" value=\"\" type=\"hidden\" name=\"utm_medium\" \/>\n<input class=\"wpcf7-form-control wpcf7-hidden utm_campaign\" value=\"\" type=\"hidden\" name=\"utm_campaign\" \/>\n<input class=\"wpcf7-form-control wpcf7-hidden utm_term\" value=\"\" type=\"hidden\" name=\"utm_term\" \/>\n<input class=\"wpcf7-form-control wpcf7-hidden utm_content\" value=\"\" type=\"hidden\" name=\"utm_content\" \/>\n<input class=\"wpcf7-form-control wpcf7-hidden url_link\" value=\"V1\" type=\"hidden\" name=\"url_link\" \/>\n<p><span class=\"wpcf7-form-control-wrap\" data-name=\"nome\"><input size=\"40\" maxlength=\"400\" class=\"wpcf7-form-control wpcf7-text wpcf7-validates-as-required\" id=\"nome\" aria-required=\"true\" aria-invalid=\"false\" placeholder=\"Nome\" value=\"\" type=\"text\" name=\"nome\" \/><\/span><br \/>\n<span class=\"wpcf7-form-control-wrap\" data-name=\"telefone\"><input size=\"40\" maxlength=\"400\" class=\"wpcf7-form-control wpcf7-text wpcf7-validates-as-required\" id=\"telefone\" aria-required=\"true\" aria-invalid=\"false\" placeholder=\"Telefone\" value=\"\" type=\"text\" name=\"telefone\" \/><\/span><br \/>\n<span class=\"wpcf7-form-control-wrap\" data-name=\"email\"><input size=\"40\" maxlength=\"400\" class=\"wpcf7-form-control wpcf7-email wpcf7-validates-as-required wpcf7-text wpcf7-validates-as-email\" id=\"email\" aria-required=\"true\" aria-invalid=\"false\" placeholder=\"E-mail\" value=\"\" type=\"email\" name=\"email\" \/><\/span><br \/>\n<input class=\"wpcf7-form-control wpcf7-submit has-spinner\" type=\"submit\" value=\"Quero mais informa\u00e7\u00f5es\" \/>\n<\/p><div class=\"wpcf7-response-output\" aria-hidden=\"true\"><\/div>\n<\/form>\n<\/div>\n<\/div>\n\t\t\t\t\t\t<\/div>\n\t\t\t\t<\/div>\n\t\t\t\t\t<\/div>\n\t\t<\/div>\n\t\t\t\t\t<\/div>\n\t\t<\/section>\n\t\t\t\t<section class=\"elementor-section elementor-top-section elementor-element elementor-element-7addf49 elementor-section-full_width elementor-section-stretched elementor-section-height-default elementor-section-height-default\" data-id=\"7addf49\" data-element_type=\"section\" data-settings=\"{&quot;stretch_section&quot;:&quot;section-stretched&quot;}\">\n\t\t\t\t\t\t<div class=\"elementor-container elementor-column-gap-no\">\n\t\t\t\t\t<div class=\"elementor-column elementor-col-100 elementor-top-column elementor-element elementor-element-24141ae\" data-id=\"24141ae\" data-element_type=\"column\">\n\t\t\t<div class=\"elementor-widget-wrap elementor-element-populated\">\n\t\t\t\t\t\t<div class=\"elementor-element elementor-element-643ab46 elementor-widget elementor-widget-google_maps\" data-id=\"643ab46\" data-element_type=\"widget\" data-widget_type=\"google_maps.default\">\n\t\t\t\t<div class=\"elementor-widget-container\">\n\t\t\t\t\t\t\t<div class=\"elementor-custom-embed\">\n\t\t\t<iframe loading=\"lazy\"\n\t\t\t\t\tsrc=\"https:\/\/maps.google.com\/maps?q=Rua%20Oswaldo%20Meucci%2C%20315%2C%20Quinta%20das%20Paineiras%20S%C3%A3o%20Jos%C3%A9%20do%20Rio%20Preto%2FSP&#038;t=m&#038;z=10&#038;output=embed&#038;iwloc=near\"\n\t\t\t\t\ttitle=\"Rua Oswaldo Meucci, 315, Quinta das Paineiras S\u00e3o Jos\u00e9 do Rio Preto\/SP\"\n\t\t\t\t\taria-label=\"Rua Oswaldo Meucci, 315, Quinta das Paineiras S\u00e3o Jos\u00e9 do Rio Preto\/SP\"\n\t\t\t><\/iframe>\n\t\t<\/div>\n\t\t\t\t\t\t<\/div>\n\t\t\t\t<\/div>\n\t\t\t\t\t<\/div>\n\t\t<\/div>\n\t\t\t\t\t<\/div>\n\t\t<\/section>\n\t\t\t\t<\/div>\n\t\t","protected":false},"excerpt":{"rendered":"<p>N\u00famero da Pri: 17 99713-7700 WhatsApp: 17 3301-0797 contato@prospecta.digital Rua Oswaldo Meucci, 315, Quinta das PaineirasS\u00e3o Jos\u00e9 do Rio Preto\/SP Linkedin-in Youtube Instagram Spotify Preencha o formul\u00e1rio abaixo e fa\u00e7a agora um or\u00e7amento personalizado da Prospecta. Aumente sua visibilidade, conquiste novos&#8230;<\/p>\n","protected":false},"author":1,"featured_media":0,"parent":0,"menu_order":0,"comment_status":"closed","ping_status":"closed","template":"","meta":{"footnotes":""},"class_list":["post-71","page","type-page","status-publish","hentry"],"aioseo_notices":[],"_links":{"self":[{"href":"https:\/\/prospectahost.com.br\/novosite\/wp-json\/wp\/v2\/pages\/71","targetHints":{"allow":["GET"]}}],"collection":[{"href":"https:\/\/prospectahost.com.br\/novosite\/wp-json\/wp\/v2\/pages"}],"about":[{"href":"https:\/\/prospectahost.com.br\/novosite\/wp-json\/wp\/v2\/types\/page"}],"author":[{"embeddable":true,"href":"https:\/\/prospectahost.com.br\/novosite\/wp-json\/wp\/v2\/users\/1"}],"replies":[{"embeddable":true,"href":"https:\/\/prospectahost.com.br\/novosite\/wp-json\/wp\/v2\/comments?post=71"}],"version-history":[{"count":28,"href":"https:\/\/prospectahost.com.br\/novosite\/wp-json\/wp\/v2\/pages\/71\/revisions"}],"predecessor-version":[{"id":23861,"href":"https:\/\/prospectahost.com.br\/novosite\/wp-json\/wp\/v2\/pages\/71\/revisions\/23861"}],"wp:attachment":[{"href":"https:\/\/prospectahost.com.br\/novosite\/wp-json\/wp\/v2\/media?parent=71"}],"curies":[{"name":"wp","href":"https:\/\/api.w.org\/{rel}","templated":true}]}}